{"id":11,"date":"2018-12-21T16:15:25","date_gmt":"2018-12-21T16:15:25","guid":{"rendered":"http:\/\/dla-pauli.waw.pl\/?page_id=11"},"modified":"2026-02-28T12:41:13","modified_gmt":"2026-02-28T12:41:13","slug":"pomoz-pauli-w-powrocie-do-zdrowia-pomozesz","status":"publish","type":"page","link":"https:\/\/dla-pauli.waw.pl\/","title":{"rendered":"Pom\u00f3\u017c Pauli w powrocie do zdrowia. Poznaj jej histori\u0119. Pomo\u017cesz?"},"content":{"rendered":"\t\t<div data-elementor-type=\"wp-page\" data-elementor-id=\"11\" class=\"elementor elementor-11\">\n\t\t\t\t\t\t<section class=\"elementor-section elementor-top-section elementor-element elementor-element-3215b927 elementor-section-boxed elementor-section-height-default elementor-section-height-default\" data-id=\"3215b927\" data-element_type=\"section\" data-e-type=\"section\">\n\t\t\t\t\t\t<div class=\"elementor-container elementor-column-gap-default\">\n\t\t\t\t\t<div class=\"elementor-column elementor-col-100 elementor-top-column elementor-element elementor-element-4349c270\" data-id=\"4349c270\" data-element_type=\"column\" data-e-type=\"column\">\n\t\t\t<div class=\"elementor-widget-wrap elementor-element-populated\">\n\t\t\t\t\t\t<div class=\"elementor-element elementor-element-541c2b29 elementor-widget elementor-widget-text-editor\" data-id=\"541c2b29\" data-element_type=\"widget\" data-e-type=\"widget\" data-widget_type=\"text-editor.default\">\n\t\t\t\t<div class=\"elementor-widget-container\">\n\t\t\t\t\t\t\t\t\t<p>Nie wiem jak Ty, ale my zawsze mieli\u015bmy k\u0142opot ze \u015bwiadomym wyborem co zrobi\u0107 ze swoim 1,5%. Zazwyczaj wybierali\u015bmy inicjatywy kt\u00f3re organizowali potrzebuj\u0105cy znajomi lub przekazywali\u015bmy ja na schroniska dla zwierz\u0105t&#8230;<\/p>\n<p><!-- \/wp:paragraph --><!-- wp:paragraph --><\/p>\n<p>Tak si\u0119 sk\u0142ada, \u017ce to teraz nam przyda\u0142oby si\u0119 Twoje wsparcie, a w\u0142a\u015bciwie Paulinie \ud83d\ude42<\/p>\n<p><!-- \/wp:paragraph --><!-- wp:image {\"align\":\"center\",\"id\":80} --><\/p>\n<div class=\"wp-block-image\">\n<figure class=\"aligncenter\"><img fetchpriority=\"high\" decoding=\"async\" width=\"640\" height=\"480\" class=\"wp-image-80\" src=\"http:\/\/dla-pauli.waw.pl\/wp-content\/uploads\/2018\/12\/IMG_4569.jpg\" alt=\"\" srcset=\"https:\/\/dla-pauli.waw.pl\/wp-content\/uploads\/2018\/12\/IMG_4569.jpg 640w, https:\/\/dla-pauli.waw.pl\/wp-content\/uploads\/2018\/12\/IMG_4569-300x225.jpg 300w\" sizes=\"(max-width: 640px) 100vw, 640px\" \/><\/figure>\n<\/div>\n<p><!-- \/wp:image --><!-- wp:paragraph --><\/p>\n<p><strong>Co si\u0119 sta\u0142o i dlaczego prosimy o Twoje wsparcie?<\/strong><\/p>\n<p><!-- \/wp:paragraph --><!-- wp:paragraph --><\/p>\n<p>Pod koniec marca Paula prze\u017cy\u0142a wylew (pomimo m\u0142odego wieku &#8211; 31 lat), kt\u00f3ry doprowadzi\u0142 do udaru (jak si\u0119 okaza\u0142o mia\u0142a niezdiagnozowanego t\u0119tniaka). W efekcie, z dnia na dzie\u0144, w ci\u0105gu jednej chwili jej-nasze \u017cycie si\u0119 ca\u0142kowicie zmieni\u0142o. Najgorsze jest to, \u017ce mia\u0142o to miejsce miesi\u0105c przed planowanym \u015blubem&#8230; Z osoby aktywnej, zdrowej i ambitnej sta\u0142a si\u0119 osob\u0105 walcz\u0105c\u0105 o \u017cycie &#8211; na szcz\u0119\u015bcie t\u0119 walk\u0119 wygra\u0142a. Musi &#8222;tylko&#8221; nauczy\u0107 si\u0119 m\u00f3wi\u0107, pisa\u0107 i porusza\u0107 si\u0119 od zera!<\/p>\n<p><!-- \/wp:paragraph --><!-- wp:image {\"align\":\"left\",\"id\":78,\"width\":247,\"height\":266} --><\/p>\n<div class=\"wp-block-image\">\n<figure class=\"alignleft is-resized\"><img decoding=\"async\" class=\"wp-image-78\" src=\"http:\/\/dla-pauli.waw.pl\/wp-content\/uploads\/2018\/12\/IMG_5439.jpg\" alt=\"\" width=\"247\" height=\"266\" srcset=\"https:\/\/dla-pauli.waw.pl\/wp-content\/uploads\/2018\/12\/IMG_5439.jpg 594w, https:\/\/dla-pauli.waw.pl\/wp-content\/uploads\/2018\/12\/IMG_5439-278x300.jpg 278w\" sizes=\"(max-width: 247px) 100vw, 247px\" \/><\/figure>\n<\/div>\n<p><!-- \/wp:image --><!-- wp:paragraph --><\/p>\n<p>Po 6 miesi\u0105cach pobytu w szpitalu i wielu bojach wr\u00f3ci\u0142a do domu, jednak jej cia\u0142o i umys\u0142 jeszcze si\u0119 &#8222;w\u0142\u0105cza&#8221;. Nie wiadomo jak d\u0142ugo to b\u0119dzie trwa\u0107 jednak z ka\u017cdym dniem jest coraz bli\u017cej. Kluczowym aspektem jest intensywna i d\u0142ugotrwa\u0142a rehabilitacja. Paula nie jest w stanie jeszcze przekr\u0119ci\u0107 si\u0119 na bok, czy tym bardziej stan\u0105\u0107 na nogi&#8230; Jest obecnie osob\u0105 niepe\u0142nosprawn\u0105, niezdoln\u0105 do samodzielnej egzystencji i ca\u0142kowicie niezdoln\u0105 do pracy &#8211; orzeczenie czasowe na okres dw\u00f3ch lat.<\/p>\n<p><!-- \/wp:paragraph --><!-- wp:paragraph --><\/p>\n<p>Na szcz\u0119\u015bcie intensywna terapia przynosi rezultaty i z dnia na dzie\u0144 forma Pauli ro\u015bnie &#8211; wymaga to oko\u0142o <strong>20h treningu tygodniowo<\/strong>. Takie leczenie jak wiesz jest bardzo kosztowne &#8211; rehabilitacja neurologiczna, neuropsycholog, logopeda i leki&#8230;. ZUS przyzna\u0142 Pauli 80h rehabilitacji na ca\u0142y rok (i jest to maksimum jakie nasz ustawodawca zapewnia osobie niepe\u0142nosprawnej z niezdolno\u015bci\u0105 do pracy). \u017beby Paula mog\u0142a znowu funkcjonowa\u0107 potrzebne jest znacznie wi\u0119cej&#8230;<\/p>\n<p><!-- \/wp:paragraph --><!-- wp:image {\"align\":\"right\",\"id\":79,\"width\":226,\"height\":328} --><\/p>\n<div class=\"wp-block-image\">\n<figure class=\"alignright is-resized\"><img decoding=\"async\" class=\"wp-image-79\" src=\"http:\/\/dla-pauli.waw.pl\/wp-content\/uploads\/2018\/12\/IMG_0302.jpg\" alt=\"\" width=\"226\" height=\"328\" srcset=\"https:\/\/dla-pauli.waw.pl\/wp-content\/uploads\/2018\/12\/IMG_0302.jpg 440w, https:\/\/dla-pauli.waw.pl\/wp-content\/uploads\/2018\/12\/IMG_0302-206x300.jpg 206w\" sizes=\"(max-width: 226px) 100vw, 226px\" \/><\/figure>\n<\/div>\n<p><!-- \/wp:image --><!-- wp:paragraph --><\/p>\n<p>Ca\u0142a zebrana kwota zostanie przeznaczona na sprz\u0119t wspieraj\u0105cy rehabilitacj\u0119 i <strong>op\u0142acenie pracy specjalist\u00f3w<\/strong> (logopeda, neuropsycholog i fizjoterapeuci).<\/p>\n<p><!-- \/wp:paragraph --><!-- wp:paragraph --><\/p>\n<p>Je\u017celi mo\u017cesz &#8211; pom\u00f3\u017c Pauli wr\u00f3ci\u0107 do zdrowia. <strong>Bardzo dzi\u0119kujemy<\/strong>!<\/p>\n<p><!-- \/wp:paragraph --><!-- wp:paragraph --><\/p>\n<p>Je\u017celi masz znajomych lub rodzin\u0119 kt\u00f3ra nie wie co zrobi\u0107 ze swoim 1,5% &#8211; b\u0119dzie <strong>rewelacyjnie <\/strong>je\u017celi polecisz im Paul\u0119.<\/p>\n<p><!-- \/wp:paragraph --><!-- wp:separator --><\/p>\n<hr class=\"wp-block-separator\" \/>\n<p><!-- \/wp:separator --><!-- wp:paragraph {\"align\":\"center\"} --><\/p>\n<p class=\"has-text-align-center\"><strong>Z g\u00f3ry dzi\u0119kujemy za Twoje wsparcie i rekomendacje \ud83d\ude42<\/strong><\/p>\n<p><!-- \/wp:paragraph --><!-- wp:image {\"align\":\"center\",\"id\":111,\"width\":231,\"height\":360} --><\/p>\n<div class=\"wp-block-image\">\n<figure class=\"aligncenter is-resized\"><img loading=\"lazy\" decoding=\"async\" class=\"wp-image-111\" src=\"http:\/\/dla-pauli.waw.pl\/wp-content\/uploads\/2018\/12\/wzz.jpg\" alt=\"\" width=\"231\" height=\"360\" srcset=\"https:\/\/dla-pauli.waw.pl\/wp-content\/uploads\/2018\/12\/wzz.jpg 410w, https:\/\/dla-pauli.waw.pl\/wp-content\/uploads\/2018\/12\/wzz-192x300.jpg 192w\" sizes=\"(max-width: 231px) 100vw, 231px\" \/><\/figure>\n<\/div>\n<p><!-- \/wp:image --><!-- wp:separator --><\/p>\n<hr class=\"wp-block-separator\" \/>\n<p><!-- \/wp:separator --><!-- wp:paragraph --><\/p>\n<p><strong>Jak mo\u017cesz pom\u00f3c?<\/strong><\/p>\n<p><!-- \/wp:paragraph --><!-- wp:paragraph --><\/p>\n<p>S\u0105 dwa sposoby:<\/p>\n<p><!-- \/wp:paragraph --><!-- wp:list {\"ordered\":true} --><\/p>\n<ol>\n<li>darowizna<\/li>\n<li>1,5% podatku &#8211; rozlicz PIT on-line<strong> <a href=\"https:\/\/www.e-pity.pl\/pit-online\/?opp=0000270809&amp;ogid=32468\">&gt;&gt;&gt;link<\/a><\/strong><\/li>\n<\/ol>\n<p><!-- \/wp:list --><!-- wp:paragraph --><\/p>\n<p>Poni\u017cej szczeg\u00f3\u0142y jak to w praktyce zrobi\u0107 \ud83d\ude42<\/p>\n<p><!-- \/wp:paragraph --><!-- wp:separator --><\/p>\n<hr class=\"wp-block-separator\" \/>\n<p><!-- \/wp:separator --><!-- wp:heading --><\/p>\n<h2><strong>&gt; JAK PRZEKAZA\u0106 DAROWIZN\u0118<\/strong> ?<\/h2>\n<p><!-- \/wp:heading --><!-- wp:paragraph --><\/p>\n<p>Nale\u017cy dokona\u0107 przelewu bankowego (mo\u017ce by\u0107 przelew internetowy) lub wp\u0142aty na poczcie:<\/p>\n<p><!-- \/wp:paragraph --><!-- wp:paragraph --><\/p>\n<p>\u2022 nazwa odbiorcy:<\/p>\n<p><!-- \/wp:paragraph --><!-- wp:paragraph --><\/p>\n<p>Fundacja Avalon &#8211; Bezpo\u015brednia Pomoc Niepe\u0142nosprawnym, Micha\u0142a Kajki 80\/82 lok. 1, 04-620 Warszawa<\/p>\n<p><!-- \/wp:paragraph --><!-- wp:paragraph --><\/p>\n<p>\u2022 numery rachunku odbiorcy: <strong>62 1600 12860003 0031 8642 6001<\/strong><\/p>\n<p><!-- \/wp:paragraph --><!-- wp:paragraph --><\/p>\n<p>Rachunek prowadzony przez: BG\u017b BNP Paribas Bank Polska SA<\/p>\n<p><!-- \/wp:paragraph --><!-- wp:paragraph --><\/p>\n<p>W tytule wp\u0142aty prosz\u0119 poda\u0107 nazwisko i numer cz\u0142onkowski nadany przez Fundacj\u0119 \u2013 <strong>Kos, 10412\u00a0 <\/strong>(ten dopisek jest bardzo wa\u017cny).<\/p>\n<p><!-- \/wp:paragraph --><!-- wp:separator --><\/p>\n<hr class=\"wp-block-separator\" \/>\n<p><!-- \/wp:separator --><!-- wp:heading --><\/p>\n<h2><strong>&gt; JAK PRZEKAZA\u0106 1,5% ?<\/strong><\/h2>\n<p><!-- \/wp:heading --><!-- wp:paragraph --><\/p>\n<p>Wype\u0142niaj\u0105c zeznanie PIT, podatnik musi obliczy\u0107 podatek nale\u017cny wobec Urz\u0119du Skarbowego. 1,5% mo\u017ce przekaza\u0107 ka\u017cda osoba fizyczna, emeryci, renci\u015bci i osoby prowadz\u0105ce dzia\u0142alno\u015b\u0107 gospodarcz\u0105 rozliczani na podstawie PIT-36.<\/p>\n<p><!-- \/wp:paragraph --><!-- wp:paragraph --><\/p>\n<p>W rubryce WNIOSEK O PRZEKAZANIE 1% PODATKU NALE\u017bNEGO NA RZECZ ORGANIZACJI PO\u017bYTKU PUBLICZNEGO (OPP) nale\u017cy:<\/p>\n<p><!-- \/wp:paragraph --><!-- wp:paragraph --><\/p>\n<p>\u2022 Wpisa\u0107 numer KRS: <strong>0000270809<\/strong><\/p>\n<p><!-- \/wp:paragraph --><!-- wp:paragraph --><\/p>\n<p>\u2022 Obliczy\u0107 kwot\u0119 1,5%<\/p>\n<p><!-- \/wp:paragraph --><!-- wp:paragraph --><\/p>\n<p>W rubryce INFORMACJE UZUPE\u0141NIAJ\u0104CE (<strong>bardzo wa\u017cne!<\/strong>) nale\u017cy:<\/p>\n<p><!-- \/wp:paragraph --><!-- wp:paragraph --><\/p>\n<p>\u2022 Wpisa\u0107 nazwisko oraz numer cz\u0142onkowski nadany przez Fundacj\u0119 \u2013<strong> Kos, 10412 <\/strong><\/p>\n<p><!-- \/wp:paragraph --><!-- wp:button --><\/p>\n<div class=\"wp-block-button\"><a class=\"wp-block-button__link\" href=\"https:\/\/www.e-pity.pl\/pit-online\/?opp=0000270809&amp;ogid=32468\">rozlicz PIT 2024 &gt;<br \/><\/a><\/div>\n<p><!-- \/wp:button --><!-- wp:separator --><\/p>\n<hr class=\"wp-block-separator\" \/>\n<p><!-- \/wp:separator --><!-- wp:paragraph {\"align\":\"center\"} --><\/p>\n<p class=\"has-text-align-center\"><strong>Dwa sposoby, ka\u017cdy doskona\u0142y \ud83d\ude42<\/strong><\/p>\n<p><!-- \/wp:paragraph --><!-- wp:heading {\"textAlign\":\"center\"} --><\/p>\n<h2 class=\"has-text-align-center\"><strong>DZI\u0118KUJEMY ZA TWOJ\u0104 POMOC !<\/strong><\/h2>\n<p><!-- \/wp:heading --><!-- wp:paragraph --><\/p>\n<p>Paula jest podopieczn\u0105 fundacji AVALON. Fundacja nie bra\u0142a udzia\u0142u w \u017cadnym etapie tworzenia tej strony, nie jest te\u017c jej w\u0142a\u015bcicielem. Jest to inicjatywa w 100% prywatna finansowana z prywatnych \u015brodk\u00f3w.<\/p>\n<p><!-- \/wp:paragraph --><\/p>\t\t\t\t\t\t\t\t<\/div>\n\t\t\t\t<\/div>\n\t\t\t\t\t<\/div>\n\t\t<\/div>\n\t\t\t\t\t<\/div>\n\t\t<\/section>\n\t\t\t\t<section class=\"elementor-section elementor-top-section elementor-element elementor-element-87040c5 elementor-section-boxed elementor-section-height-default elementor-section-height-default\" data-id=\"87040c5\" data-element_type=\"section\" data-e-type=\"section\">\n\t\t\t\t\t\t<div class=\"elementor-container elementor-column-gap-default\">\n\t\t\t\t\t<div class=\"elementor-column elementor-col-100 elementor-top-column elementor-element elementor-element-4906f4d\" data-id=\"4906f4d\" data-element_type=\"column\" data-e-type=\"column\">\n\t\t\t<div class=\"elementor-widget-wrap elementor-element-populated\">\n\t\t\t\t\t\t<div class=\"elementor-element elementor-element-8771d1a elementor-widget elementor-widget-spacer\" data-id=\"8771d1a\" data-element_type=\"widget\" data-e-type=\"widget\" data-widget_type=\"spacer.default\">\n\t\t\t\t<div class=\"elementor-widget-container\">\n\t\t\t\t\t\t\t<div class=\"elementor-spacer\">\n\t\t\t<div class=\"elementor-spacer-inner\"><\/div>\n\t\t<\/div>\n\t\t\t\t\t\t<\/div>\n\t\t\t\t<\/div>\n\t\t\t\t\t<\/div>\n\t\t<\/div>\n\t\t\t\t\t<\/div>\n\t\t<\/section>\n\t\t\t\t<\/div>\n\t\t","protected":false},"excerpt":{"rendered":"<p>Nie wiem jak Ty, ale my zawsze mieli\u015bmy k\u0142opot ze \u015bwiadomym wyborem co zrobi\u0107 ze swoim 1,5%. Zazwyczaj wybierali\u015bmy inicjatywy kt\u00f3re organizowali potrzebuj\u0105cy znajomi lub przekazywali\u015bmy ja na schroniska dla zwierz\u0105t&#8230; Tak si\u0119 sk\u0142ada, \u017ce to teraz nam przyda\u0142oby si\u0119 Twoje wsparcie, a w\u0142a\u015bciwie Paulinie \ud83d\ude42 Co si\u0119 sta\u0142o i dlaczego prosimy o Twoje wsparcie? Pod koniec marca Paula prze\u017cy\u0142a wylew (pomimo m\u0142odego wieku &#8211; 31 lat), kt\u00f3ry doprowadzi\u0142 do udaru (jak si\u0119 okaza\u0142o mia\u0142a niezdiagnozowanego t\u0119tniaka). W efekcie, z dnia na dzie\u0144, w ci\u0105gu jednej chwili jej-nasze \u017cycie si\u0119 ca\u0142kowicie zmieni\u0142o. Najgorsze jest to, \u017ce mia\u0142o to miejsce miesi\u0105c przed planowanym \u015blubem&#8230; Z osoby aktywnej, zdrowej i ambitnej sta\u0142a si\u0119 osob\u0105 walcz\u0105c\u0105 o \u017cycie &#8211; na szcz\u0119\u015bcie t\u0119 walk\u0119 wygra\u0142a. Musi &#8222;tylko&#8221; nauczy\u0107 si\u0119 m\u00f3wi\u0107, pisa\u0107 i porusza\u0107 si\u0119 od zera! Po 6 miesi\u0105cach pobytu w szpitalu i wielu bojach wr\u00f3ci\u0142a do domu, jednak jej cia\u0142o i umys\u0142 jeszcze si\u0119 &#8222;w\u0142\u0105cza&#8221;. Nie wiadomo jak d\u0142ugo to b\u0119dzie trwa\u0107 jednak z ka\u017cdym dniem jest coraz bli\u017cej. Kluczowym aspektem jest intensywna i d\u0142ugotrwa\u0142a rehabilitacja. Paula nie jest w stanie jeszcze przekr\u0119ci\u0107 si\u0119 na bok, czy tym bardziej stan\u0105\u0107 na nogi&#8230; Jest obecnie osob\u0105 niepe\u0142nosprawn\u0105, niezdoln\u0105 do samodzielnej egzystencji i ca\u0142kowicie niezdoln\u0105 [&hellip;]<\/p>\n","protected":false},"author":1,"featured_media":0,"parent":0,"menu_order":0,"comment_status":"closed","ping_status":"closed","template":"page-fullwidth.php","meta":{"footnotes":""},"class_list":["post-11","page","type-page","status-publish","hentry"],"_links":{"self":[{"href":"https:\/\/dla-pauli.waw.pl\/index.php?rest_route=\/wp\/v2\/pages\/11","targetHints":{"allow":["GET"]}}],"collection":[{"href":"https:\/\/dla-pauli.waw.pl\/index.php?rest_route=\/wp\/v2\/pages"}],"about":[{"href":"https:\/\/dla-pauli.waw.pl\/index.php?rest_route=\/wp\/v2\/types\/page"}],"author":[{"embeddable":true,"href":"https:\/\/dla-pauli.waw.pl\/index.php?rest_route=\/wp\/v2\/users\/1"}],"replies":[{"embeddable":true,"href":"https:\/\/dla-pauli.waw.pl\/index.php?rest_route=%2Fwp%2Fv2%2Fcomments&post=11"}],"version-history":[{"count":36,"href":"https:\/\/dla-pauli.waw.pl\/index.php?rest_route=\/wp\/v2\/pages\/11\/revisions"}],"predecessor-version":[{"id":153,"href":"https:\/\/dla-pauli.waw.pl\/index.php?rest_route=\/wp\/v2\/pages\/11\/revisions\/153"}],"wp:attachment":[{"href":"https:\/\/dla-pauli.waw.pl\/index.php?rest_route=%2Fwp%2Fv2%2Fmedia&parent=11"}],"curies":[{"name":"wp","href":"https:\/\/api.w.org\/{rel}","templated":true}]}}